{"id":186,"date":"2021-10-08T07:38:26","date_gmt":"2021-10-08T07:38:26","guid":{"rendered":"https:\/\/demo.bravisthemes.com\/lawgne\/?page_id=186"},"modified":"2025-09-11T19:00:57","modified_gmt":"2025-09-11T19:00:57","slug":"contact-us","status":"publish","type":"page","link":"https:\/\/nuevoprevenir.co\/?page_id=186","title":{"rendered":"Contacto"},"content":{"rendered":"\t\t<div data-elementor-type=\"wp-page\" data-elementor-id=\"186\" class=\"elementor elementor-186\">\n\t\t\t\t        <section class=\"elementor-section elementor-top-section elementor-element elementor-element-77e51d4 elementor-section-boxed elementor-section-height-default elementor-section-height-default kng-section-overflow-hidden-no kng-boxed-bg-false kng-section-boxed-divider-false\" data-id=\"77e51d4\" data-element_type=\"section\">\n                                             \n            <div class=\"elementor-container elementor-column-gap-default \">\n                    <div class=\"elementor-column elementor-col-50 elementor-top-column elementor-element elementor-element-4411e3c kng-column-element-default\" data-id=\"4411e3c\" data-element_type=\"column\">\n                        <div class=\"elementor-widget-wrap elementor-element-populated\">\n                     \n            \n         \n        \t\t<div class=\"elementor-element elementor-element-1cba256 kng-quick-contact-layout-1 elementor-invisible elementor-widget elementor-widget-kng_quickcontact\" data-id=\"1cba256\" data-element_type=\"widget\" data-settings=\"{&quot;_animation&quot;:&quot;fadeInUp&quot;,&quot;_animation_delay&quot;:150}\" data-widget_type=\"kng_quickcontact.default\">\n\t\t\t\t<div class=\"elementor-widget-container\">\n\t\t\t\t\t<div class=\"kng-qc-wrap layout-1\">\n\t<div class=\"qc-item-wrap d-flex gutters-30 gutters-md-50 gutters-lg-30 gutters-xl-50\">\n\t\t<div class=\"qc-img\">\n\t\t\t<img decoding=\"async\" src=\"https:\/\/nuevoprevenir.co\/wp-content\/uploads\/2025\/09\/popayan-centro-historico.webp\" title=\"popayan-centro-historico\" alt=\"popayan-centro-historico\" loading=\"lazy\" \/>\t\t<\/div>\n\t\t<div class=\"qc-content-wrap\">\n\t\t\t\t\t\t<div class=\"qc-title\">Popay\u00e1n<span>(Colombia)<\/span><\/div> \n\t\t\t\t\t\t<div class=\"qc-desc-wrap\">\n\t\t\t\t\t\t\t\t\t\t\t\t\t<div class=\"qc-item\">\n\t\t\t\t\t\t<i aria-hidden=\"true\" class=\"kngi kngi-phone-alt1\"><\/i>\t\t\t\t\t\t\t\t\t\t\t\t<span><a href=\"tel:+012 (345) 56 998\">+57 3123566171  <\/a><\/span>\n\t\t\t\t\t<\/div>\n\t\t\t\t\t\t\t\t\t\t\t\t\t\t\t\t\t<div class=\"qc-item\">\n\t\t\t\t\t\t<i aria-hidden=\"true\" class=\"kngi kngi-envelope-regular\"><\/i>\t\t\t\t\t\t\t\t\t\t\t\t<span><a href=\"mailto:support@gmail.com\">info@nuevoprevenir.com<\/a><\/span>\n\t\t\t\t\t<\/div>\n\t\t\t\t\t\t\t\t\t\t\t\t\t\t\t\t\t<div class=\"qc-item\">\n\t\t\t\t\t\t<i aria-hidden=\"true\" class=\"kngi kngi-marker-alt\"><\/i>\t\t\t\t\t\t\t\t\t\t\t\t<span>Carrera 11 # 16 - 33<\/span>\n\t\t\t\t\t<\/div>\n\t\t\t\t\t\t\t\t\t\t\t<\/div>\n\t\t<\/div>\n\t<\/div>\n<\/div>\t\t\t\t<\/div>\n\t\t\t\t<\/div>\n\t\t\t\t\t<\/div>\n\t\t<\/div>\n\t\t        <div class=\"elementor-column elementor-col-50 elementor-top-column elementor-element elementor-element-347f940 kng-column-element-default\" data-id=\"347f940\" data-element_type=\"column\">\n                        <div class=\"elementor-widget-wrap elementor-element-populated\">\n                     \n            \n         \n        \t\t<div class=\"elementor-element elementor-element-2ceb0b3 kng-cf7-layout-1 elementor-widget elementor-widget-kng_ctf7\" data-id=\"2ceb0b3\" data-element_type=\"widget\" data-widget_type=\"kng_ctf7.default\">\n\t\t\t\t<div class=\"elementor-widget-container\">\n\t\t\t\t\t<div class=\"kng-cf7 relative\">\r\n    <div class=\"kng-cf7-inner\">\r\n    \t        <div class=\"kng-cf-heading mb-30\">\r\n            <h3>Escr\u00edbenos <\/h3>\r\n            <p>Si tienes preguntas o sugerencias, escr\u00edbenos y estaremos en contacto contigo lo antes posible. <\/p>\r\n        <\/div>\r\n    \t        <div class=\"kng-cf-form\">\n<div class=\"wpcf7 no-js\" id=\"wpcf7-f206-o1\" lang=\"en-US\" dir=\"ltr\" data-wpcf7-id=\"206\">\n<div class=\"screen-reader-response\"><p role=\"status\" aria-live=\"polite\" aria-atomic=\"true\"><\/p> <ul><\/ul><\/div>\n<form action=\"\/index.php?rest_route=%2Fwp%2Fv2%2Fpages%2F186#wpcf7-f206-o1\" method=\"post\" class=\"wpcf7-form init\" aria-label=\"Contact form\" novalidate=\"novalidate\" data-status=\"init\">\n<fieldset class=\"hidden-fields-container\"><input type=\"hidden\" name=\"_wpcf7\" value=\"206\" \/><input type=\"hidden\" name=\"_wpcf7_version\" value=\"6.1.1\" \/><input type=\"hidden\" name=\"_wpcf7_locale\" value=\"en_US\" \/><input type=\"hidden\" name=\"_wpcf7_unit_tag\" value=\"wpcf7-f206-o1\" \/><input type=\"hidden\" name=\"_wpcf7_container_post\" value=\"0\" \/><input type=\"hidden\" name=\"_wpcf7_posted_data_hash\" value=\"\" \/>\n<\/fieldset>\n<div class=\"contact-main\">\n\t<div class=\"row\">\n\t\t<div class=\"col-12 mb-15\">\n\t\t\t<p><span class=\"wpcf7-form-control-wrap\" data-name=\"your-name\"><input size=\"40\" maxlength=\"400\" class=\"wpcf7-form-control wpcf7-text wpcf7-validates-as-required cff\" aria-required=\"true\" aria-invalid=\"false\" placeholder=\"Nombre\" value=\"\" type=\"text\" name=\"your-name\" \/><\/span><span class=\"icon kngi-user-alt\"><\/span>\n\t\t\t<\/p>\n\t\t<\/div>\n\t\t<div class=\"col-12 mb-15\">\n\t\t\t<p><span class=\"wpcf7-form-control-wrap\" data-name=\"your-email\"><input size=\"40\" maxlength=\"400\" class=\"wpcf7-form-control wpcf7-email wpcf7-validates-as-required wpcf7-text wpcf7-validates-as-email cff\" aria-required=\"true\" aria-invalid=\"false\" placeholder=\"Correo\" value=\"\" type=\"email\" name=\"your-email\" \/><\/span><span class=\"icon kngi-envelope-open-regular\"><\/span>\n\t\t\t<\/p>\n\t\t<\/div>\n\t\t<div class=\"col-12 mb-15\">\n\t\t\t<p><span class=\"wpcf7-form-control-wrap\" data-name=\"message\"><textarea cols=\"40\" rows=\"9\" maxlength=\"2000\" class=\"wpcf7-form-control wpcf7-textarea cff\" aria-invalid=\"false\" placeholder=\"Mensaje\" name=\"message\"><\/textarea><\/span>\n\t\t\t<\/p>\n\t\t<\/div>\n\t\t<div class=\"col-12 btn-div\">\n\t\t\t<p><button class=\"btn\" type=\"submit\">Enviar <span class=\"kngi-arrow-right-solid\"><\/span><\/button>\n\t\t\t<\/p>\n\t\t<\/div>\n\t<\/div>\n<\/div><div class=\"wpcf7-response-output\" aria-hidden=\"true\"><\/div>\n<\/form>\n<\/div>\n<\/div>\r\n    <\/div>\r\n<\/div>\t\t\t\t<\/div>\n\t\t\t\t<\/div>\n\t\t\t\t\t<\/div>\n\t\t<\/div>\n\t\t            <\/div>\n        <\/section>\n                <section class=\"elementor-section elementor-top-section elementor-element elementor-element-fd1e550 elementor-section-boxed elementor-section-height-default elementor-section-height-default kng-section-overflow-hidden-no kng-boxed-bg-false kng-section-boxed-divider-false\" data-id=\"fd1e550\" data-element_type=\"section\">\n                                             \n            <div class=\"elementor-container elementor-column-gap-default \">\n                    <div class=\"elementor-column elementor-col-100 elementor-top-column elementor-element elementor-element-e5e5b1b kng-column-element-default\" data-id=\"e5e5b1b\" data-element_type=\"column\">\n                        <div class=\"elementor-widget-wrap elementor-element-populated\">\n                     \n            \n         \n        \t\t<div class=\"elementor-element elementor-element-6bfa3ee elementor-widget elementor-widget-google_maps\" data-id=\"6bfa3ee\" data-element_type=\"widget\" data-widget_type=\"google_maps.default\">\n\t\t\t\t\t\t\t<div class=\"elementor-custom-embed\">\n\t\t\t<iframe loading=\"lazy\"\n\t\t\t\t\tsrc=\"https:\/\/maps.google.com\/maps?q=Carrera%2011%20%23%2016%20-%2033%20popayan%20&#038;t=m&#038;z=10&#038;output=embed&#038;iwloc=near\"\n\t\t\t\t\ttitle=\"Carrera 11 # 16 - 33 popayan \"\n\t\t\t\t\taria-label=\"Carrera 11 # 16 - 33 popayan \"\n\t\t\t><\/iframe>\n\t\t<\/div>\n\t\t\t\t\t\t<\/div>\n\t\t\t\t\t<\/div>\n\t\t<\/div>\n\t\t            <\/div>\n        <\/section>\n        \t\t<\/div>\n\t\t","protected":false},"excerpt":{"rendered":"<p>Popay\u00e1n(Colombia) +57 3123566171 info@nuevoprevenir.com Carrera 11 # 16 &#8211; 33 Escr\u00edbenos Si tienes preguntas o sugerencias, escr\u00edbenos y estaremos en contacto contigo lo antes posible. Enviar<\/p>\n","protected":false},"author":1,"featured_media":0,"parent":0,"menu_order":0,"comment_status":"closed","ping_status":"closed","template":"","meta":{"footnotes":""},"class_list":["post-186","page","type-page","status-publish","hentry","kng-no-post-thumbnail"],"_links":{"self":[{"href":"https:\/\/nuevoprevenir.co\/index.php?rest_route=\/wp\/v2\/pages\/186","targetHints":{"allow":["GET"]}}],"collection":[{"href":"https:\/\/nuevoprevenir.co\/index.php?rest_route=\/wp\/v2\/pages"}],"about":[{"href":"https:\/\/nuevoprevenir.co\/index.php?rest_route=\/wp\/v2\/types\/page"}],"author":[{"embeddable":true,"href":"https:\/\/nuevoprevenir.co\/index.php?rest_route=\/wp\/v2\/users\/1"}],"replies":[{"embeddable":true,"href":"https:\/\/nuevoprevenir.co\/index.php?rest_route=%2Fwp%2Fv2%2Fcomments&post=186"}],"version-history":[{"count":7,"href":"https:\/\/nuevoprevenir.co\/index.php?rest_route=\/wp\/v2\/pages\/186\/revisions"}],"predecessor-version":[{"id":7804,"href":"https:\/\/nuevoprevenir.co\/index.php?rest_route=\/wp\/v2\/pages\/186\/revisions\/7804"}],"wp:attachment":[{"href":"https:\/\/nuevoprevenir.co\/index.php?rest_route=%2Fwp%2Fv2%2Fmedia&parent=186"}],"curies":[{"name":"wp","href":"https:\/\/api.w.org\/{rel}","templated":true}]}}