{"id":7698,"date":"2025-09-11T15:57:10","date_gmt":"2025-09-11T15:57:10","guid":{"rendered":"https:\/\/www.serviciosweb.com.co\/nuevoprevenir\/?page_id=7698"},"modified":"2025-09-11T17:12:23","modified_gmt":"2025-09-11T17:12:23","slug":"membresia-oro","status":"publish","type":"page","link":"https:\/\/nuevoprevenir.co\/?page_id=7698","title":{"rendered":"Membres\u00eda Oro"},"content":{"rendered":"\t\t<div data-elementor-type=\"wp-page\" data-elementor-id=\"7698\" class=\"elementor elementor-7698\">\n\t\t\t\t<div class=\"elementor-element elementor-element-b4eaa8d e-flex e-con-boxed e-con e-parent\" data-id=\"b4eaa8d\" data-element_type=\"container\">\n\t\t\t\t\t<div class=\"e-con-inner\">\n\t\t\t\t<div class=\"elementor-element elementor-element-caa132e kng-heading-layout-1 elementor-widget elementor-widget-kng_heading\" data-id=\"caa132e\" data-element_type=\"widget\" data-widget_type=\"kng_heading.default\">\n\t\t\t\t<div class=\"elementor-widget-container\">\n\t\t\t\t\t<div class=\"kng-heading-wrap text-center\">\n        <h3 class=\"item-title\">\n        <span>\u00danica iversi\u00f3n anual por valor de: $789.990<\/span>    <\/h3>\n    <\/div>\n\n\t\t\t\t<\/div>\n\t\t\t\t<\/div>\n\t\t\t\t\t<\/div>\n\t\t\t\t<\/div>\n\t\t<div class=\"elementor-element elementor-element-d8470ce e-flex e-con-boxed e-con e-parent\" data-id=\"d8470ce\" data-element_type=\"container\">\n\t\t\t\t\t<div class=\"e-con-inner\">\n\t\t<div class=\"elementor-element elementor-element-21719b7 e-con-full e-flex e-con e-child\" data-id=\"21719b7\" data-element_type=\"container\">\n\t\t\t\t<div class=\"elementor-element elementor-element-a68079d elementor-widget elementor-widget-text-editor\" data-id=\"a68079d\" data-element_type=\"widget\" data-widget_type=\"text-editor.default\">\n\t\t\t\t\t\t\t\t\t<ul><li>Asesor\u00eda Jur\u00eddica gratuita<\/li><li>Auxilio para gastos funerarios por un a\u00f1o<\/li><li>Acceso a brigadas de salud<\/li><li>Acceso a Brigadas Jur\u00eddicas<\/li><li>Tarifas preferenciales en telemedicina<\/li><li>Tarifas preferenciales con m\u00e9dicos especialistas<\/li><li>Asesor\u00eda Contable<\/li><li>Acceso a sorteos promocionales durante un a\u00f1o<\/li><li>Acceso a cursos, talleres y conferencias<\/li><\/ul>\t\t\t\t\t\t\t\t<\/div>\n\t\t\t\t<\/div>\n\t\t<div class=\"elementor-element elementor-element-c091227 e-con-full e-flex e-con e-child\" data-id=\"c091227\" data-element_type=\"container\">\n\t\t\t\t<div class=\"elementor-element elementor-element-f8ff2bf elementor-widget elementor-widget-image\" data-id=\"f8ff2bf\" data-element_type=\"widget\" data-widget_type=\"image.default\">\n\t\t\t\t\t\t\t\t\t\t\t\t\t\t\t<img fetchpriority=\"high\" decoding=\"async\" width=\"1050\" height=\"637\" src=\"https:\/\/nuevoprevenir.co\/wp-content\/uploads\/2025\/09\/GettyImages-136596059-razones-hombres-doctor-cover-1170x710.webp\" class=\"attachment-large size-large wp-image-7688\" alt=\"\" \/>\t\t\t\t\t\t\t\t\t\t\t\t\t\t\t<\/div>\n\t\t\t\t<\/div>\n\t\t\t\t\t<\/div>\n\t\t\t\t<\/div>\n\t\t\t\t<\/div>\n\t\t","protected":false},"excerpt":{"rendered":"<p>\u00danica iversi\u00f3n anual por valor de: $789.990 Asesor\u00eda Jur\u00eddica gratuita Auxilio para gastos funerarios por un a\u00f1o Acceso a brigadas de salud Acceso a Brigadas Jur\u00eddicas Tarifas preferenciales en telemedicina Tarifas preferenciales con m\u00e9dicos especialistas Asesor\u00eda Contable Acceso a sorteos promocionales durante un a\u00f1o Acceso a cursos, talleres y conferencias<\/p>\n","protected":false},"author":1,"featured_media":0,"parent":0,"menu_order":0,"comment_status":"closed","ping_status":"closed","template":"","meta":{"footnotes":""},"class_list":["post-7698","page","type-page","status-publish","hentry","kng-no-post-thumbnail"],"_links":{"self":[{"href":"https:\/\/nuevoprevenir.co\/index.php?rest_route=\/wp\/v2\/pages\/7698","targetHints":{"allow":["GET"]}}],"collection":[{"href":"https:\/\/nuevoprevenir.co\/index.php?rest_route=\/wp\/v2\/pages"}],"about":[{"href":"https:\/\/nuevoprevenir.co\/index.php?rest_route=\/wp\/v2\/types\/page"}],"author":[{"embeddable":true,"href":"https:\/\/nuevoprevenir.co\/index.php?rest_route=\/wp\/v2\/users\/1"}],"replies":[{"embeddable":true,"href":"https:\/\/nuevoprevenir.co\/index.php?rest_route=%2Fwp%2Fv2%2Fcomments&post=7698"}],"version-history":[{"count":13,"href":"https:\/\/nuevoprevenir.co\/index.php?rest_route=\/wp\/v2\/pages\/7698\/revisions"}],"predecessor-version":[{"id":7738,"href":"https:\/\/nuevoprevenir.co\/index.php?rest_route=\/wp\/v2\/pages\/7698\/revisions\/7738"}],"wp:attachment":[{"href":"https:\/\/nuevoprevenir.co\/index.php?rest_route=%2Fwp%2Fv2%2Fmedia&parent=7698"}],"curies":[{"name":"wp","href":"https:\/\/api.w.org\/{rel}","templated":true}]}}