{"id":7710,"date":"2025-09-11T16:05:33","date_gmt":"2025-09-11T16:05:33","guid":{"rendered":"https:\/\/www.serviciosweb.com.co\/nuevoprevenir\/?page_id=7710"},"modified":"2025-09-11T17:13:12","modified_gmt":"2025-09-11T17:13:12","slug":"membresia-plata","status":"publish","type":"page","link":"https:\/\/nuevoprevenir.co\/?page_id=7710","title":{"rendered":"Membres\u00eda Plata"},"content":{"rendered":"\t\t<div data-elementor-type=\"wp-page\" data-elementor-id=\"7710\" class=\"elementor elementor-7710\">\n\t\t\t\t<div class=\"elementor-element elementor-element-b4eaa8d e-flex e-con-boxed e-con e-parent\" data-id=\"b4eaa8d\" data-element_type=\"container\">\n\t\t\t\t\t<div class=\"e-con-inner\">\n\t\t\t\t<div class=\"elementor-element elementor-element-caa132e kng-heading-layout-1 elementor-widget elementor-widget-kng_heading\" data-id=\"caa132e\" data-element_type=\"widget\" data-widget_type=\"kng_heading.default\">\n\t\t\t\t<div class=\"elementor-widget-container\">\n\t\t\t\t\t<div class=\"kng-heading-wrap text-center\">\n        <h3 class=\"item-title\">\n        <span>\u00danica iversi\u00f3n anual por valor de: $642.999<\/span>    <\/h3>\n    <\/div>\n\n\t\t\t\t<\/div>\n\t\t\t\t<\/div>\n\t\t\t\t\t<\/div>\n\t\t\t\t<\/div>\n\t\t<div class=\"elementor-element elementor-element-3ed4aa4 e-flex e-con-boxed e-con e-parent\" data-id=\"3ed4aa4\" data-element_type=\"container\">\n\t\t\t\t\t<div class=\"e-con-inner\">\n\t\t<div class=\"elementor-element elementor-element-29a21af e-con-full e-flex e-con e-child\" data-id=\"29a21af\" data-element_type=\"container\">\n\t\t\t\t<div class=\"elementor-element elementor-element-66929de elementor-widget elementor-widget-text-editor\" data-id=\"66929de\" data-element_type=\"widget\" data-widget_type=\"text-editor.default\">\n\t\t\t\t\t\t\t\t\t<ul><li>Asesor\u00eda Jur\u00eddica Gratuita por un a\u00f1o<\/li><li>Auxilio para gastos funerarios por un a\u00f1o<\/li><li>Acceso a brigadas de salud<\/li><li>Acceso a Brigadas Jur\u00eddicas<\/li><li>Asesor\u00eda Contable Gratuita por un a\u00f1o<\/li><li>Acceso a sorteos promocionales durante un a\u00f1o<\/li><li>Acceso a cursos, talleres y conferencias<\/li><\/ul>\t\t\t\t\t\t\t\t<\/div>\n\t\t\t\t<\/div>\n\t\t<div class=\"elementor-element elementor-element-f03975c e-con-full e-flex e-con e-child\" data-id=\"f03975c\" data-element_type=\"container\">\n\t\t\t\t<div class=\"elementor-element elementor-element-3a81538 elementor-widget elementor-widget-image\" data-id=\"3a81538\" data-element_type=\"widget\" data-widget_type=\"image.default\">\n\t\t\t\t\t\t\t\t\t\t\t\t\t\t\t<img decoding=\"async\" src=\"https:\/\/nuevoprevenir.co\/wp-content\/uploads\/elementor\/thumbs\/GettyImages-136596059-razones-hombres-doctor-cover-rbknu1j6fekojtod3l5djdsxbi6l3gq4u9wk0uch6o.webp\" title=\"GettyImages-136596059-razones-hombres-doctor-cover\" alt=\"GettyImages-136596059-razones-hombres-doctor-cover\" loading=\"lazy\" \/>\t\t\t\t\t\t\t\t\t\t\t\t\t\t\t<\/div>\n\t\t\t\t<\/div>\n\t\t\t\t\t<\/div>\n\t\t\t\t<\/div>\n\t\t\t\t<\/div>\n\t\t","protected":false},"excerpt":{"rendered":"<p>\u00danica iversi\u00f3n anual por valor de: $642.999 Asesor\u00eda Jur\u00eddica Gratuita por un a\u00f1o Auxilio para gastos funerarios por un a\u00f1o Acceso a brigadas de salud Acceso a Brigadas Jur\u00eddicas Asesor\u00eda Contable Gratuita por un a\u00f1o Acceso a sorteos promocionales durante un a\u00f1o Acceso a cursos, talleres y conferencias<\/p>\n","protected":false},"author":1,"featured_media":0,"parent":0,"menu_order":0,"comment_status":"closed","ping_status":"closed","template":"","meta":{"footnotes":""},"class_list":["post-7710","page","type-page","status-publish","hentry","kng-no-post-thumbnail"],"_links":{"self":[{"href":"https:\/\/nuevoprevenir.co\/index.php?rest_route=\/wp\/v2\/pages\/7710","targetHints":{"allow":["GET"]}}],"collection":[{"href":"https:\/\/nuevoprevenir.co\/index.php?rest_route=\/wp\/v2\/pages"}],"about":[{"href":"https:\/\/nuevoprevenir.co\/index.php?rest_route=\/wp\/v2\/types\/page"}],"author":[{"embeddable":true,"href":"https:\/\/nuevoprevenir.co\/index.php?rest_route=\/wp\/v2\/users\/1"}],"replies":[{"embeddable":true,"href":"https:\/\/nuevoprevenir.co\/index.php?rest_route=%2Fwp%2Fv2%2Fcomments&post=7710"}],"version-history":[{"count":7,"href":"https:\/\/nuevoprevenir.co\/index.php?rest_route=\/wp\/v2\/pages\/7710\/revisions"}],"predecessor-version":[{"id":7741,"href":"https:\/\/nuevoprevenir.co\/index.php?rest_route=\/wp\/v2\/pages\/7710\/revisions\/7741"}],"wp:attachment":[{"href":"https:\/\/nuevoprevenir.co\/index.php?rest_route=%2Fwp%2Fv2%2Fmedia&parent=7710"}],"curies":[{"name":"wp","href":"https:\/\/api.w.org\/{rel}","templated":true}]}}