{"id":7792,"date":"2025-09-11T17:24:34","date_gmt":"2025-09-11T17:24:34","guid":{"rendered":"https:\/\/www.serviciosweb.com.co\/nuevoprevenir\/?page_id=7792"},"modified":"2025-09-11T17:36:46","modified_gmt":"2025-09-11T17:36:46","slug":"servicios","status":"publish","type":"page","link":"https:\/\/nuevoprevenir.co\/?page_id=7792","title":{"rendered":"Servicios"},"content":{"rendered":"\t\t<div data-elementor-type=\"wp-page\" data-elementor-id=\"7792\" class=\"elementor elementor-7792\">\n\t\t\t\t<div class=\"elementor-element elementor-element-2383c38 e-flex e-con-boxed e-con e-parent\" data-id=\"2383c38\" data-element_type=\"container\">\n\t\t\t\t\t<div class=\"e-con-inner\">\n\t\t<div class=\"elementor-element elementor-element-ad3690c e-con-full e-flex e-con e-child\" data-id=\"ad3690c\" data-element_type=\"container\">\n\t\t\t\t<div class=\"elementor-element elementor-element-4cfb94e elementor-widget elementor-widget-text-editor\" data-id=\"4cfb94e\" data-element_type=\"widget\" data-widget_type=\"text-editor.default\">\n\t\t\t\t\t\t\t\t\t<p><strong>NUESTROS SERVICIOS<br \/><\/strong><strong>Asesor\u00edas Jur\u00eddicas<\/strong><br \/>Auxilio econ\u00f3mico para gastos funerarios <br \/>Acceso a brigadas de salud para afiliados<br \/>Acceso a Brigadas Jur\u00eddicas para afiliados <br \/>Tarifas preferenciales en telemedicina para nuestros afiliados<br \/>Seguros <br \/>Asesor\u00eda Contable <br \/>Cursos, talleres y conferencias<br \/>Acceso a sorteos promocionales<\/p><p><br \/><strong>Asesor\u00edas Jur\u00eddicas:<\/strong><br \/>Contamos con un equipo de profesionales altamente calificados, capacitados y comprometidos con nuestros clientes, listos para orientarlos en cada situaci\u00f3n que enfrenten. Ofrecemos orientaci\u00f3n profesional en las siguientes \u00e1reas:<\/p><p>Derecho Laboral, seguridad social y pensiones<br \/>Derecho Administrativo<br \/>Derecho Educativo: Acompa\u00f1amos los procesos legales y Jur\u00eddicos de todos los Docentes del Pa\u00eds<br \/>Derecho de Familia<br \/>Derecho Notarial<br \/>Derecho Inmobiliario<br \/>Contrataci\u00f3n Estatal <br \/>Derecho Constitucional <br \/>Recuperaci\u00f3n de Carteras de hospitales <br \/>Derecho Policivo &#8211; Tr\u00e1nsito y transporte<\/p><p><strong>Auxilio funerario:<\/strong> <br \/>Nuestros afiliados cuentan con un auxilio econ\u00f3mico dise\u00f1ado para aliviar las angustias financieras que pueden surgir a ra\u00edz del fallecimiento de un ser querido, brindando as\u00ed protecci\u00f3n y apoyo a la familia en esos momentos dif\u00edciles.<\/p><p><strong>Asesor\u00eda Contable:<\/strong><br \/>Contamos con un equipo de Contadores P\u00fablicos altamente comprometidos con nuestros clientes, listos para orientarlos en cualquier \u00e1rea contable, tributaria y fiscal. Nos dedicamos a brindar soluciones precisas y estrat\u00e9gicas para asegurar el cumplimiento normativo, optimizar recursos y maximizar los beneficios financieros. Nuestro equipo est\u00e1 siempre disponible para garantizar el buen manejo de las finanzas de tu negocio o patrimonio.<\/p>\t\t\t\t\t\t\t\t<\/div>\n\t\t\t\t<\/div>\n\t\t<div class=\"elementor-element elementor-element-46f7819 e-con-full e-flex e-con e-child\" data-id=\"46f7819\" data-element_type=\"container\">\n\t\t\t\t<div class=\"elementor-element elementor-element-d72c948 elementor-widget elementor-widget-image\" data-id=\"d72c948\" data-element_type=\"widget\" data-widget_type=\"image.default\">\n\t\t\t\t\t\t\t\t\t\t\t\t\t\t\t<img decoding=\"async\" src=\"https:\/\/nuevoprevenir.co\/wp-content\/uploads\/2025\/09\/quienes-somos.jpg\" title=\"quienes-somos\" alt=\"quienes-somos\" loading=\"lazy\" \/>\t\t\t\t\t\t\t\t\t\t\t\t\t\t\t<\/div>\n\t\t\t\t<\/div>\n\t\t\t\t\t<\/div>\n\t\t\t\t<\/div>\n\t\t\t\t<\/div>\n\t\t","protected":false},"excerpt":{"rendered":"<p>NUESTROS SERVICIOSAsesor\u00edas Jur\u00eddicasAuxilio econ\u00f3mico para gastos funerarios Acceso a brigadas de salud para afiliadosAcceso a Brigadas Jur\u00eddicas para afiliados Tarifas preferenciales en telemedicina para nuestros afiliadosSeguros Asesor\u00eda Contable Cursos, talleres y conferenciasAcceso a sorteos promocionales Asesor\u00edas Jur\u00eddicas:Contamos con un equipo de profesionales altamente calificados, capacitados y comprometidos con nuestros clientes, listos para orientarlos en cada [&hellip;]<\/p>\n","protected":false},"author":1,"featured_media":0,"parent":0,"menu_order":0,"comment_status":"closed","ping_status":"closed","template":"","meta":{"footnotes":""},"class_list":["post-7792","page","type-page","status-publish","hentry","kng-no-post-thumbnail"],"_links":{"self":[{"href":"https:\/\/nuevoprevenir.co\/index.php?rest_route=\/wp\/v2\/pages\/7792","targetHints":{"allow":["GET"]}}],"collection":[{"href":"https:\/\/nuevoprevenir.co\/index.php?rest_route=\/wp\/v2\/pages"}],"about":[{"href":"https:\/\/nuevoprevenir.co\/index.php?rest_route=\/wp\/v2\/types\/page"}],"author":[{"embeddable":true,"href":"https:\/\/nuevoprevenir.co\/index.php?rest_route=\/wp\/v2\/users\/1"}],"replies":[{"embeddable":true,"href":"https:\/\/nuevoprevenir.co\/index.php?rest_route=%2Fwp%2Fv2%2Fcomments&post=7792"}],"version-history":[{"count":7,"href":"https:\/\/nuevoprevenir.co\/index.php?rest_route=\/wp\/v2\/pages\/7792\/revisions"}],"predecessor-version":[{"id":7800,"href":"https:\/\/nuevoprevenir.co\/index.php?rest_route=\/wp\/v2\/pages\/7792\/revisions\/7800"}],"wp:attachment":[{"href":"https:\/\/nuevoprevenir.co\/index.php?rest_route=%2Fwp%2Fv2%2Fmedia&parent=7792"}],"curies":[{"name":"wp","href":"https:\/\/api.w.org\/{rel}","templated":true}]}}